{"id":1620,"date":"2025-10-16T13:57:30","date_gmt":"2025-10-16T13:57:30","guid":{"rendered":"http:\/\/altinolukbilgisayar.online\/?page_id=1620"},"modified":"2025-10-17T19:24:05","modified_gmt":"2025-10-17T19:24:05","slug":"format","status":"publish","type":"page","link":"http:\/\/altinolukbilgisayar.com\/index.php\/format\/","title":{"rendered":"Format"},"content":{"rendered":"\t\t<div data-elementor-type=\"wp-page\" data-elementor-id=\"1620\" class=\"elementor elementor-1620\">\n\t\t\t\t<div class=\"elementor-element elementor-element-76acc50 e-flex e-con-boxed e-con e-parent\" data-id=\"76acc50\" data-element_type=\"container\" data-e-type=\"container\">\n\t\t\t\t\t<div class=\"e-con-inner\">\n\t\t\t\t<div class=\"elementor-element elementor-element-073ef51 elementor-widget elementor-widget-text-editor\" data-id=\"073ef51\" data-element_type=\"widget\" data-e-type=\"widget\" data-widget_type=\"text-editor.default\">\n\t\t\t\t\t\t\t\t\t<p>Bilgisayarlar\u0131m\u0131z\u0131n zamanla yava\u015flad\u0131\u011f\u0131n\u0131, karars\u0131z h\u00e2le geldi\u011fini ve gereksiz dosyalarla t\u0131kand\u0131\u011f\u0131n\u0131 fark etti\u011fimizde cihaz\u0131m\u0131zda bir\u00a0<em>temizlik yapma zaman\u0131 gelmi\u015f demektir.\u00a0<\/em>Bilgisayara format atmak, s\u0131f\u0131rdan bir ba\u015flang\u0131\u00e7 yapman\u0131n en etkili yoludur. Ancak format i\u015flemi, baz\u0131 kullan\u0131c\u0131lar i\u00e7in karma\u015f\u0131k veya korkutucu olabilir. \u00a0Yepyeni bir ba\u015flang\u0131\u00e7 yapman\u0131z\u0131 sa\u011flayacak ad\u0131m ad\u0131m evde bilgisayara format atma rehberi yaz\u0131n\u0131n devam\u0131nda sizleri bekliyor.<\/p><h2 class=\"wp-block-heading\"><strong>Bilgisayarlara Format Atmak Neden \u00d6nemli?<\/strong><\/h2><p>Bilgisayarlar, zaman i\u00e7inde veri birikimi, gereksiz dosyalar ve hatalar nedeniyle yava\u015flayabilir, donabilir ve i\u015flevini kaybedebilir. Bu nedenle d\u00fczenli olarak bilgisayara format atma i\u015flemi olduk\u00e7a \u00f6nemlidir. Bilgisayara format atmay\u0131 \u00f6nemli k\u0131lan ayr\u0131nt\u0131lar \u015fu \u015fekilde s\u0131ralanabilir:<\/p><ul><li>Format atmak,\u00a0<em>bilgisayar\u0131n h\u0131z\u0131n\u0131 art\u0131rabilir<\/em>. Temiz bir i\u015fletim sistemi, daha h\u0131zl\u0131 a\u00e7\u0131lma ve programlar\u0131n daha h\u0131zl\u0131 \u00e7al\u0131\u015fmas\u0131n\u0131 sa\u011flar.<\/li><li>Eski veya \u00e7\u00f6km\u00fc\u015f bir i\u015fletim sistemi,\u00a0<strong>s\u0131k s\u0131k hatalara neden olabilir<\/strong>. Format atmak, bu t\u00fcr hatalar\u0131 giderir ve bilgisayar\u0131n daha kararl\u0131 olmas\u0131n\u0131 sa\u011flar.<\/li><li>Bilgisayara format atmak, gereksiz dosyalar\u0131, vir\u00fcsleri ve k\u00f6t\u00fc ama\u00e7l\u0131 yaz\u0131l\u0131mlar\u0131 temizler. Bu da veri g\u00fcvenli\u011finizi art\u0131r\u0131r.<\/li><li>Bilgisayara format atmadan \u00f6nce\u00a0veri depolama \u00fcr\u00fcnleri\u00a0ile belgelerinizi yedeklerseniz format sonras\u0131 veri kayb\u0131n\u0131 \u00f6nlemi\u015f olursunuz.<\/li><\/ul><p>Bu nedenlerle bilgisayar\u0131n\u0131za belirli aral\u0131klarla format atmak, performans\u0131 art\u0131rman\u0131n ve daha\u00a0<em>sorunsuz bir deneyim ya\u015faman\u0131n anahtar\u0131d\u0131r.<\/em>\u00a0Dolay\u0131s\u0131yla her kullan\u0131c\u0131n\u0131n bilgisayar\u0131na nas\u0131l format at\u0131laca\u011f\u0131n\u0131 bilmesi faydal\u0131 olabilir.<\/p><h2 class=\"wp-block-heading\"><strong>Hangi Durumlarda Bilgisayara Format At\u0131lmas\u0131 Gerekir?<\/strong><\/h2><p>Bilgisayara format atma i\u015flemi, \u00e7e\u015fitli durumlarda olduk\u00e7a \u00f6nemlidir. \u00d6zellikle \u00e7\u00f6km\u00fc\u015f, kapal\u0131 ve a\u00e7\u0131lmayan bilgisayara format atmak, sorunun \u00e7\u00f6z\u00fcm\u00fc i\u00e7in tek yol olabilir. Sorunlu bir i\u015fletim sistemi, yava\u015f performans, vir\u00fcs veya k\u00f6t\u00fc ama\u00e7l\u0131 yaz\u0131l\u0131m bula\u015fmas\u0131, \u015fifreli bilgisayara format atma gibi sorunlar da s\u00f6z konusu olabilir.<\/p><figure class=\"wp-block-image size-large\"><img decoding=\"async\" class=\"wp-image-4483\" src=\"https:\/\/pasajblog.turkcell.com.tr\/wp-content\/uploads\/2023\/12\/pexels-valentine-tanasovich-2588757-1024x683.jpg\" alt=\"\" \/><\/figure><p>\u00a0Ayr\u0131ca bilgisayar\u0131n\u0131z\u0131 ba\u015fkas\u0131na verecekseniz veya satacaksan\u0131z ki\u015fisel verileri korumak amac\u0131yla format atman\u0131z \u00f6nemlidir. Bu nedenle, benzeri durumlarda bilgisayar\u0131n\u0131za format atarak temiz bir ba\u015flang\u0131\u00e7 yapmak ve<strong>\u00a0sorunlar\u0131 \u00e7\u00f6zmek m\u00fcmk\u00fcn olabilir.<\/strong><\/p><h2 class=\"wp-block-heading\"><strong>Ad\u0131m Ad\u0131m Windows Bilgisayarlar i\u00e7in Format Atma Rehberi<\/strong><\/h2><p>Bilgisayara format atma Windows 7 ve 10 bilgisayarlarda zamanla olu\u015fabilecek performans d\u00fc\u015f\u00fckl\u00fcklerini gidermek, vir\u00fcs veya k\u00f6t\u00fc ama\u00e7l\u0131 yaz\u0131l\u0131mlardan kurtulmak i\u00e7in gerekli bir \u00f6nlem olabilir. Elbette format i\u015flemi s\u0131ras\u0131nda bilgisayar\u0131n\u0131zdaki veriler silinece\u011fi i\u00e7in \u00f6nceden yedeklemelerinizi yapman\u0131z gerekti\u011fini unutmamal\u0131s\u0131n\u0131z.\u00a0<\/p><h3 class=\"wp-block-heading\">Haz\u0131rl\u0131k A\u015famas\u0131nda Gerekli Ara\u00e7lar Nelerdir?<\/h3><p>Masa\u00fcst\u00fc bilgisayara format atma i\u015flemine ba\u015flamadan \u00f6nce \u00f6nemli verilerinizi yedeklemeli, gerekli yaz\u0131l\u0131mlar\u0131 ve i\u015fletim sistemi kurulum medyas\u0131n\u0131 haz\u0131rlamal\u0131s\u0131n\u0131z. Ayr\u0131ca i\u015flem s\u0131ras\u0131nda gerekli olan s\u00fcr\u00fcc\u00fcleri ve belgeleri elinizin alt\u0131nda bulundurun,<strong>\u00a0i\u015fletim sisteminin g\u00fcncellemeleri i\u00e7in internet ba\u011flant\u0131s\u0131 sa\u011flay\u0131n.<\/strong>\u00a0Bu ad\u0131mlar\u0131 tamamlad\u0131\u011f\u0131n\u0131zda format i\u015flemine ba\u015flamaya haz\u0131r olursunuz.<\/p><h3 class=\"wp-block-heading\">Ad\u0131m 1: Verilerinizi G\u00fcvenceye Al\u0131n<\/h3><p>Format i\u015flemine ba\u015flamadan \u00f6nce bilgisayar\u0131n\u0131zdaki \u00f6nemli verileri yedeklemek \u00e7ok \u00f6nemlidir. T\u00fcm ki\u015fisel dosyalar\u0131n\u0131z\u0131, belgelerinizi, foto\u011fraflar\u0131n\u0131z\u0131 ve di\u011fer verilerinizi bir harici sabit s\u00fcr\u00fcc\u00fcye, bulut depolama hizmetine veya DVD gibi bir ortama yedekleyin. Bu ad\u0131m\u0131 atlamamak,<em>\u00a0veri kayb\u0131n\u0131 \u00f6nlemenize yard\u0131mc\u0131 olacakt\u0131r.<\/em><\/p><h3 class=\"wp-block-heading\">Ad\u0131m 2: Format Diskini Olu\u015fturun ve Ayarlay\u0131n<\/h3><p>Verilerinizi yedekledikten sonra, Windows i\u015fletim sistemi veya kurulum ortam\u0131n\u0131z\u0131 i\u00e7eren bir USB s\u00fcr\u00fcc\u00fc veya DVD olu\u015fturun. Windows&#8217;un resm\u00ee web sitesinden i\u015fletim sistemi dosyas\u0131n\u0131 indirebilir ve bir kurulum ortam\u0131 haz\u0131rlayabilirsiniz. Daha sonra bilgisayar\u0131n\u0131z\u0131 bu kurulum ortam\u0131yla ba\u015flat\u0131n. Bilgisayar ba\u015flat\u0131ld\u0131\u011f\u0131nda, hangi dilde ve hangi klavye d\u00fczeninde kurulum yapmak istedi\u011finizi se\u00e7ebilirsiniz. Ard\u0131ndan &#8220;Kur&#8221; veya &#8220;Y\u00fckle&#8221; se\u00e7ene\u011fini se\u00e7in.<\/p><figure class=\"wp-block-image size-large\"><img decoding=\"async\" class=\"wp-image-4486\" src=\"https:\/\/pasajblog.turkcell.com.tr\/wp-content\/uploads\/2023\/12\/pexels-christina-morillo-1181675-1024x684.jpg\" alt=\"format nas\u0131l at\u0131l\u0131r\" \/><\/figure><h3 class=\"wp-block-heading\">Ad\u0131m 3: \u0130\u015fletim Sistemi Kurulumu<\/h3><p>Bilgisayara format atma i\u015fleminin bir sonraki a\u015famas\u0131nda i\u015fletim sistemi kurulum sihirbaz\u0131 ba\u015flayacak. Bu a\u015famada\u00a0<em>lisans s\u00f6zle\u015fmesini kabul edin ve kurulum t\u00fcr\u00fcn\u00fc se\u00e7in<\/em>. Genellikle &#8220;\u00d6zel: Disk b\u00f6l\u00fcmleme&#8221; se\u00e7ene\u011fini se\u00e7erek, format atmak istedi\u011finiz diski se\u00e7ebilirsiniz. Ard\u0131ndan diski bi\u00e7imlendirin ve i\u015fletim sistemi dosyalar\u0131n\u0131n kurulmas\u0131n\u0131 bekleyin.<\/p><h3 class=\"wp-block-heading\">Ad\u0131m 4: S\u00fcr\u00fcc\u00fcler ve G\u00fcncellemeleri Y\u00fckleyin<\/h3><p>\u0130\u015fletim sistemi kurulumunu tamamlad\u0131ktan sonra bilgisayar\u0131n\u0131za s\u00fcr\u00fcc\u00fcleri ve g\u00fcncellemeleri y\u00fcklemeniz gerekecektir. \u0130lk olarak bilgisayar\u0131n\u0131z\u0131n donan\u0131m\u0131na uygun s\u00fcr\u00fcc\u00fcleri y\u00fcklemelisiniz. Genellikle bilgisayar\u0131n\u0131z\u0131n \u00fcretici web sitesinden veya s\u00fcr\u00fcc\u00fc disklerinden bu s\u00fcr\u00fcc\u00fcleri edinebilirsiniz. Ekran kart\u0131, ses kart\u0131, a\u011f adapt\u00f6rleri,\u00a0yaz\u0131l\u0131m \u00fcr\u00fcnleri\u00a0ve di\u011fer donan\u0131mlar i\u00e7in s\u00fcr\u00fcc\u00fcleri kurmay\u0131 unutmay\u0131n. \u0130nternet ba\u011flant\u0131n\u0131z\u0131 kurduktan sonra Windows Update&#8217;i kullanarak g\u00fcncellemeleri denetleyebilirsiniz. Bilgisayara format att\u0131ktan sonra silinen dosyalar\u0131 geri getirmek i\u00e7in baz\u0131 programlar y\u00fcklemeniz gerekebilir.<\/p><h3 class=\"wp-block-heading\">Ad\u0131m 5: Yaz\u0131l\u0131mlar\u0131n\u0131z\u0131 ve Uygulamalar\u0131n\u0131z\u0131 Y\u00fckleyin<\/h3><p>\u0130\u015fletim sistemi ve s\u00fcr\u00fcc\u00fcler y\u00fcklendikten sonra bilgisayar\u0131n\u0131z\u0131 kullanmaya ba\u015flamadan \u00f6nce ki\u015fisel\u00a0<em>yaz\u0131l\u0131mlar\u0131n\u0131z\u0131 ve uygulamalar\u0131n\u0131z\u0131 geri y\u00fcklemeniz gerekir.<\/em>\u00a0\u00d6nceki yedeklemelerinizden veya orijinal y\u00fckleme medyas\u0131ndan bu yaz\u0131l\u0131m ve uygulamalar\u0131 elde edebilirsiniz.<\/p><p>\u00d6zellikle s\u0131k kulland\u0131\u011f\u0131n\u0131z uygulamalar\u0131 ve ofis yaz\u0131l\u0131mlar\u0131n\u0131 yeniden y\u00fcklemeyi unutmay\u0131n. Ayr\u0131ca taray\u0131c\u0131lar, medya oynat\u0131c\u0131lar\u0131, oyunlar ve di\u011fer ki\u015fisel yaz\u0131l\u0131mlar\u0131 da y\u00fcklemelisiniz.<\/p><p>Yaz\u0131l\u0131mlar\u0131 ve uygulamalar\u0131 y\u00fcklerken, lisans anahtarlar\u0131n\u0131z\u0131 ve gerekli etkinle\u015ftirme bilgilerini haz\u0131r bulundurun. T\u00fcm bu ad\u0131mlar\u0131 tamamlad\u0131\u011f\u0131n\u0131zda, bilgisayar\u0131n\u0131z art\u0131k temiz ve g\u00fcncel bir i\u015fletim sistemine sahip olacakt\u0131r.<\/p><h2 class=\"wp-block-heading\"><strong>iOS Bilgisayarlara Nas\u0131l Format At\u0131l\u0131r?<\/strong><\/h2><p>iOS cihazlara format atmak, cihaz\u0131n\u0131z\u0131 temizlemek ve sorunlar\u0131 gidermek i\u00e7in kullan\u0131\u015fl\u0131 bir y\u00f6ntemdir. Bu i\u015flem,\u00a0MacBook\u00a0cihaz\u0131n\u0131z\u0131n fabrika ayarlar\u0131na d\u00f6nmesini sa\u011flar ve ki\u015fisel verilerinizi siler. Mac bilgisayara format atmak ve bilgisayara format sonras\u0131 yap\u0131lmas\u0131 gerekenleri \u00f6\u011frenmek isterseniz a\u015fa\u011f\u0131daki ad\u0131mlar\u0131 izleyebilirsiniz.<\/p><h3 class=\"wp-block-heading\">Mac Cihaza Format Atmadan \u00d6nce Yedekleme ve Gereken Ara\u00e7lar<\/h3><p>Mac cihaz\u0131n\u0131za format atmadan \u00f6nce \u00f6nemli verilerinizi yedeklemeniz \u00f6nemlidir. \u00c7\u00fcnk\u00fc format atma i\u015flemi t\u00fcm verileri silecektir. Mac&#8217;inizde\u00a0<strong>yerle\u015fik olarak bulunan Time Machine<\/strong>, kolayca yedekleme yapman\u0131z\u0131 sa\u011flayan kullan\u0131\u015fl\u0131 bir ara\u00e7t\u0131r. Time Machine&#8217;\u0131 kullanarak bir harici sabit disk veya a\u011f depolama cihaz\u0131na d\u00fczenli yedeklemeler olu\u015fturabilirsiniz. Format atmadan \u00f6nce son yede\u011finizin g\u00fcncel oldu\u011fundan emin olun.<\/p><h3 class=\"wp-block-heading\">Ad\u0131m 1: macOS Kurtarma Moduna Eri\u015fim<\/h3><p>Mac cihaz\u0131n\u0131za format atmadan \u00f6nce, i\u015flemi ger\u00e7ekle\u015ftirmek i\u00e7in\u00a0<em>macOS Kurtarma Modu&#8217;na eri\u015fmeniz gerekecektir.\u00a0<\/em>Mac&#8217;inizi yeniden ba\u015flat\u0131n, Kurtarma Modu&#8217;na eri\u015fmek i\u00e7in gerekli olan tu\u015f kombinasyonlar\u0131n\u0131 kullanarak bekleyin. Intel tabanl\u0131 Mac&#8217;lerde &#8220;Command (\u2318) + R&#8221; tu\u015flar\u0131na bas\u0131l\u0131 tutun, Apple Silicon (M1) tabanl\u0131 Mac&#8217;lerde ise &#8220;G\u00fc\u00e7 d\u00fc\u011fmesini bas\u0131l\u0131 tutun ve sonra t\u0131klayarak Ba\u015flat&#8221; se\u00e7ene\u011fine t\u0131klay\u0131n.<\/p><p>Kurtarma Modu ba\u015flad\u0131\u011f\u0131nda dilinizi se\u00e7mek i\u00e7in bir dil se\u00e7imi penceresi g\u00f6r\u00fcnt\u00fclenecektir. Dilinizi se\u00e7in ve &#8220;\u0130lerle&#8221; d\u00fc\u011fmesine t\u0131klayarak i\u015flemi tamamlay\u0131n. Kurtarma Modu, Mac&#8217;inizde disk b\u00f6l\u00fcmleme, Time Machine yedeklerini geri y\u00fckleme, macOS&#8217;i yeniden y\u00fckleme ve di\u011fer bak\u0131m g\u00f6revlerini ger\u00e7ekle\u015ftirmenize olanak tan\u0131r, bu nedenle format atma i\u015flemine ba\u015flamadan \u00f6nce<strong>\u00a0bu modda oldu\u011funuzdan emin olun.<\/strong><\/p><figure class=\"wp-block-image size-large\"><img decoding=\"async\" class=\"wp-image-4484\" src=\"https:\/\/pasajblog.turkcell.com.tr\/wp-content\/uploads\/2023\/12\/pexels-linkedin-sales-navigator-2182969-1024x683.jpg\" alt=\"bilgisayar\" \/><\/figure><h3 class=\"wp-block-heading\">Ad\u0131m 2: Disk Yard\u0131mc\u0131 Program\u0131n\u0131 Kullanarak Diski Silme<\/h3><p>Disk Yard\u0131mc\u0131 Program\u0131&#8217;n\u0131 ba\u015flatmak i\u00e7in \u00fcst men\u00fcde yer alan &#8220;Hizmetler&#8221; sekmesine t\u0131klay\u0131n ve ard\u0131ndan &#8220;Disk Yard\u0131mc\u0131 Program\u0131&#8221; se\u00e7ene\u011fini se\u00e7in. Program ba\u015flad\u0131\u011f\u0131nda sol tarafta listelenen t\u00fcm diskleri g\u00f6receksiniz. \u015eimdi, format atmak istedi\u011finiz diski se\u00e7in ve \u00fcst men\u00fcdeki &#8220;Sil&#8221; se\u00e7ene\u011fine t\u0131klay\u0131n. Daha sonra, disk silme i\u015flemi i\u00e7in tercih etti\u011finiz y\u00f6ntemi se\u00e7ebilirsiniz. &#8220;APFS&#8221; veya &#8220;Mac OS Extended (Journaled)&#8221; gibi dosya sistemlerini se\u00e7ebilir ve istedi\u011finiz bir isim vererek devam edebilirsiniz. Son olarak &#8220;<strong>Sil<\/strong>&#8221; d\u00fc\u011fmesine t\u0131klayarak i\u015flemi ba\u015flat\u0131n ve diskinizin silinmesini bekleyin.<\/p><h3 class=\"wp-block-heading\">Ad\u0131m 3: macOS&#8217;u Yeniden Kurma<\/h3><p>Disk silme i\u015flemi tamamland\u0131\u011f\u0131nda, Mac&#8217;inize macOS&#8217;u yeniden y\u00fcklemeye haz\u0131r olacaks\u0131n\u0131z. Bu ad\u0131m\u0131 tamamlamak i\u00e7in &#8220;Disk Yard\u0131mc\u0131 Program\u0131&#8221; penceresini kapat\u0131n ve bilgisayar\u0131n\u0131z\u0131 yeniden ba\u015flat\u0131n. Mac&#8217;inizi yeniden ba\u015flat\u0131rken, &#8220;Command (\u2318) + R&#8221; tu\u015flar\u0131na bas\u0131l\u0131 tutun. Kurtarma Modu ba\u015flad\u0131\u011f\u0131nda, &#8220;Yeniden Y\u00fckle&#8221; se\u00e7ene\u011fini t\u0131klay\u0131n ve y\u00f6nergeleri izleyerek macOS&#8217;un en son s\u00fcr\u00fcm\u00fcn\u00fc yeniden kurun. Bu i\u015flem, temiz bir macOS y\u00fcklemesi yapman\u0131z\u0131 sa\u011flar ve Mac&#8217;inizi fabrika ayarlar\u0131na geri d\u00f6nd\u00fcr\u00fcr. Y\u00fckleme i\u015flemi tamamland\u0131\u011f\u0131nda, Mac&#8217;iniz\u00a0<em>yeniden ba\u015flat\u0131lacak ve ba\u015flang\u0131\u00e7 \u200b\u200bekran\u0131na geri d\u00f6neceksiniz.<\/em><\/p><h3 class=\"wp-block-heading\">Ad\u0131m 4: \u0130lk Kurulum Ayarlar\u0131 ve G\u00fcncellemeleri Y\u00fcklemek<\/h3><p>Mac&#8217;inizi s\u0131f\u0131rlad\u0131ktan sonra cihaz\u0131n\u0131z\u0131 yeniden ba\u015flatt\u0131\u011f\u0131n\u0131zda kar\u015f\u0131n\u0131za ilk kurulum ekran\u0131 gelecektir. Bu a\u015famada dilinizi, b\u00f6lgenizi ve klavye d\u00fczeninizi se\u00e7erek ba\u015flayacaks\u0131n\u0131z. Daha sonra Wi-Fi a\u011f\u0131n\u0131za ba\u011flan\u0131n ve Apple Kimli\u011fi veya Apple Kimli\u011fi olu\u015fturun. Ard\u0131ndan,\u00a0<strong>verilerinizi geri y\u00fcklemek veya s\u0131f\u0131rdan ba\u015flamak<\/strong>\u00a0isteyip istemedi\u011finizi se\u00e7ebilirsiniz. Verilerinizi geri y\u00fcklemek i\u00e7in bir \u00f6nceki yedeklemeyi se\u00e7ebilir veya yeni bir yedekleme olu\u015fturabilirsiniz. Ayr\u0131ca uygulama ve sistem g\u00fcncellemelerini yapmay\u0131 unutmay\u0131n. G\u00fcncellemeler, cihaz\u0131n g\u00fcvenli\u011fi sa\u011flamak ve performans\u0131n\u0131 iyile\u015ftirmek i\u00e7in olduk\u00e7a \u00f6nemlidir.<\/p><h3 class=\"wp-block-heading\">Ad\u0131m 5: Gerekli Uygulama ve Yaz\u0131l\u0131mlar\u0131 Y\u00fcklemek<\/h3><p>Mac&#8217;inizi s\u0131f\u0131rlad\u0131ktan sonra, g\u00fcnl\u00fck i\u015flerinizi kolayla\u015ft\u0131rmak i\u00e7in gerekli uygulamalar\u0131 ve yaz\u0131l\u0131mlar\u0131 y\u00fcklemek \u00f6nemlidir. App Store veya di\u011fer kaynaklardan ihtiyac\u0131n\u0131z olan uygulamalar\u0131 indirin ve kurun. Ayr\u0131ca her uygulamay\u0131 g\u00fcncel tuttu\u011funuzdan ve g\u00fcvenlik g\u00fcncellemelerini d\u00fczenli olarak y\u00fckledi\u011finizden emin olun. Art\u0131k temizlenmi\u015f ve g\u00fcncellenmi\u015f Mac&#8217;inizle daha verimli bir \u015fekilde \u00e7al\u0131\u015fmaya ba\u015flayabilirsiniz.<\/p>\t\t\t\t\t\t\t\t<\/div>\n\t\t\t\t\t<\/div>\n\t\t\t\t<\/div>\n\t\t\t\t<\/div>\n\t\t","protected":false},"excerpt":{"rendered":"<p>Bilgisayarlar\u0131m\u0131z\u0131n zamanla yava\u015flad\u0131\u011f\u0131n\u0131, karars\u0131z h\u00e2le geldi\u011fini ve gereksiz dosyalarla t\u0131kand\u0131\u011f\u0131n\u0131 fark etti\u011fimizde cihaz\u0131m\u0131zda bir\u00a0temizlik yapma zaman\u0131 gelmi\u015f demektir.\u00a0Bilgisayara format atmak, s\u0131f\u0131rdan bir ba\u015flang\u0131\u00e7 yapman\u0131n en etkili yoludur. Ancak format i\u015flemi, baz\u0131 kullan\u0131c\u0131lar i\u00e7in karma\u015f\u0131k veya korkutucu olabilir. \u00a0Yepyeni bir ba\u015flang\u0131\u00e7 yapman\u0131z\u0131 sa\u011flayacak ad\u0131m ad\u0131m evde bilgisayara format atma rehberi yaz\u0131n\u0131n devam\u0131nda sizleri bekliyor. Bilgisayarlara Format&hellip;<\/p>\n","protected":false},"author":1,"featured_media":0,"parent":0,"menu_order":0,"comment_status":"closed","ping_status":"closed","template":"","meta":{"footnotes":""},"class_list":["post-1620","page","type-page","status-publish","hentry"],"_links":{"self":[{"href":"http:\/\/altinolukbilgisayar.com\/index.php\/wp-json\/wp\/v2\/pages\/1620","targetHints":{"allow":["GET"]}}],"collection":[{"href":"http:\/\/altinolukbilgisayar.com\/index.php\/wp-json\/wp\/v2\/pages"}],"about":[{"href":"http:\/\/altinolukbilgisayar.com\/index.php\/wp-json\/wp\/v2\/types\/page"}],"author":[{"embeddable":true,"href":"http:\/\/altinolukbilgisayar.com\/index.php\/wp-json\/wp\/v2\/users\/1"}],"replies":[{"embeddable":true,"href":"http:\/\/altinolukbilgisayar.com\/index.php\/wp-json\/wp\/v2\/comments?post=1620"}],"version-history":[{"count":8,"href":"http:\/\/altinolukbilgisayar.com\/index.php\/wp-json\/wp\/v2\/pages\/1620\/revisions"}],"predecessor-version":[{"id":1910,"href":"http:\/\/altinolukbilgisayar.com\/index.php\/wp-json\/wp\/v2\/pages\/1620\/revisions\/1910"}],"wp:attachment":[{"href":"http:\/\/altinolukbilgisayar.com\/index.php\/wp-json\/wp\/v2\/media?parent=1620"}],"curies":[{"name":"wp","href":"https:\/\/api.w.org\/{rel}","templated":true}]}}