{"id":1629,"date":"2025-10-16T14:02:33","date_gmt":"2025-10-16T14:02:33","guid":{"rendered":"http:\/\/altinolukbilgisayar.online\/?page_id=1629"},"modified":"2025-10-17T19:37:25","modified_gmt":"2025-10-17T19:37:25","slug":"web","status":"publish","type":"page","link":"http:\/\/altinolukbilgisayar.com\/index.php\/web\/","title":{"rendered":"Web"},"content":{"rendered":"\t\t<div data-elementor-type=\"wp-page\" data-elementor-id=\"1629\" class=\"elementor elementor-1629\">\n\t\t\t\t<div class=\"elementor-element elementor-element-b45730d e-flex e-con-boxed e-con e-parent\" data-id=\"b45730d\" data-element_type=\"container\" data-e-type=\"container\">\n\t\t\t\t\t<div class=\"e-con-inner\">\n\t\t\t\t<div class=\"elementor-element elementor-element-10409ec elementor-widget elementor-widget-text-editor\" data-id=\"10409ec\" data-element_type=\"widget\" data-e-type=\"widget\" data-widget_type=\"text-editor.default\">\n\t\t\t\t\t\t\t\t\t<h1 id=\"sayfa-ana-baslik\">Web Tasar\u0131m Nedir?<\/h1><div class=\"icerik\"><div class=\"itemFigure figureCenter\"><p class=\"imageGallery-root\"><span class=\"imageGallery-container\"><img fetchpriority=\"high\" decoding=\"async\" class=\"oa oated\" src=\"https:\/\/d25tea7qfcsjlw.cloudfront.net\/1918\/kicerik\/28357\/b-2218.jpeg\" alt=\"Web Tasar\u0131m Nedir? Nas\u0131l ve Neden Yap\u0131l\u0131r?\" width=\"700\" height=\"350\" data-img-big=\"\/\/d25tea7qfcsjlw.cloudfront.net\/1918\/kicerik\/28357\/o-2218.jpeg\" \/><\/span><\/p><\/div><p>\u201c<em><strong>Web tasar\u0131m\u0131<\/strong><\/em>\u00a0nedir?&#8221; veya &#8220;<em>web tasar\u0131m<\/em>\u00a0nedir?\u201d sorusuna tek bir k\u0131sa cevap verecek olursak; Web tasar\u0131m\u0131; g\u00f6rseller ve metinlerden olu\u015fan web sayfas\u0131 i\u00e7eriklerinin web sitesi ziyaret\u00e7ilerine bir d\u00fczen i\u00e7erisinde sunulmas\u0131d\u0131r. Web sitesi tasar\u0131m\u0131, web tasar\u0131m projesi veya web sitesi yap\u0131m\u0131 gibi tan\u0131mlar da, web tasar\u0131m\u0131 ile e\u015f anlamda kullan\u0131l\u0131r.<\/p><p>Web tasar\u0131m\u0131 yapabilmek i\u00e7in \u00f6ncelikle bir\u00a0<strong>projeye<\/strong>\u00a0ihtiya\u00e7 vard\u0131r. Firma, \u015fah\u0131s, marka veya \u00fcr\u00fcn projenin esas konusunu olu\u015fturur. \u00d6rne\u011fin; doktor veya di\u015f hekimi web sitesi,\u00a0<strong>firma web sitesi<\/strong>, otel web sitesi, sa\u011fl\u0131k merkezi veya hastane web sitesi bir web tasar\u0131m projesidir. Buradan da anla\u015f\u0131ld\u0131\u011f\u0131 gibi web tasar\u0131m ki\u015fi, kurum veya kurulu\u015flar\u0131 tan\u0131tmak amac\u0131yla yap\u0131lan, web sitesi sayfalar\u0131n\u0131\u00a0<strong>kodlama<\/strong>, d\u00fczenleme ve internet ortam\u0131nda yay\u0131nlama \u00e7al\u0131\u015fmalar\u0131n\u0131n t\u00fcm\u00fcd\u00fcr. Bu \u00e7al\u0131\u015fmalar\u0131 yapan uzman ki\u015filere\u00a0<strong>web tasar\u0131mc\u0131<\/strong>, web tasar\u0131mc\u0131s\u0131 veya web master denir.<\/p><h2>Web Tasar\u0131m Nas\u0131l Yap\u0131l\u0131r?<\/h2><p><em>Bir web sitesi yay\u0131nlanmadan \u00f6nce bir\u00e7ok a\u015famadan ge\u00e7er.<\/em><\/p><ul><li>Projenin Belirlenmesi<\/li><li>Kurumsal Kimlik \u00c7al\u0131\u015fmas\u0131<\/li><li>Grafik Tasar\u0131m \u00c7al\u0131\u015fmas\u0131<\/li><li>Web Sayfalar\u0131n\u0131n Kodlamas\u0131<\/li><li>\u0130\u00e7erik Y\u00f6netim Sistemi Entegrasyonu<\/li><li>Web Sitesinin Test S\u00fcreci<\/li><li>Web Sitesinin Yay\u0131nlanmas\u0131<\/li><\/ul><p><em>Bu a\u015famalar da kendi i\u00e7erisinde daha detayl\u0131 \u00e7al\u0131\u015fmalar\u0131 bar\u0131nd\u0131r\u0131r.<\/em><\/p><h3>Projenin Belirlenmesi<\/h3><p><img decoding=\"async\" class=\"oa oated\" src=\"https:\/\/d25tea7qfcsjlw.cloudfront.net\/1918\/kicerik\/28357\/33089.jpeg\" alt=\"Web Tasar\u0131m Projesinin Belirlenmesi\" width=\"700\" height=\"467\" \/><\/p><p>Proje belirlenirken ihtiya\u00e7lar g\u00f6z \u00f6n\u00fcnde bulundurulur.\u00a0<em>Web sitesinin yap\u0131l\u0131\u015f amac\u0131<\/em>, ki\u015fi yada kurumu tan\u0131tmak olabildi\u011fi gibi firman\u0131n ticari faaliyetlerini \u00f6n plana \u00e7\u0131karmak da olabilir. Bu noktada kapsaml\u0131 rakip firma analizleri yap\u0131l\u0131r. Proje belirlenirken web sitesinin yap\u0131l\u0131\u015f amac\u0131 ve web sayfas\u0131 i\u00e7eriklerinin neler olaca\u011f\u0131 netlik kazan\u0131r.<\/p><h3>Kurumsal Kimlik \u00c7al\u0131\u015fmas\u0131<\/h3><p>Kurumsal kimlik \u00e7al\u0131\u015fmas\u0131, web tasar\u0131m projesi hayata ge\u00e7meden \u00f6nce tamamlanmas\u0131 gereken \u00e7al\u0131\u015fmalard\u0131r. \u00d6rne\u011fin;\u00a0<strong>firma logosu<\/strong>\u00a0kurumsal kimlik \u00e7al\u0131\u015fmas\u0131n\u0131n bir par\u00e7as\u0131d\u0131r. Web sitesinde kullan\u0131lan renkler firman\u0131n\u00a0<strong>kurumsal renkleri<\/strong>\u00a0ile do\u011fru orant\u0131l\u0131 olmal\u0131d\u0131r. Logo, renk, slogan, vb. kurumsal kimlik \u00f6\u011feleri web tasar\u0131m\u0131nda kullan\u0131lan en \u00f6nemli unsurlard\u0131r.<\/p><h3>Grafik Tasar\u0131m \u00c7al\u0131\u015fmas\u0131<\/h3><p><strong>Grafik tasar\u0131m<\/strong>\u00a0\u00e7al\u0131\u015fmalar\u0131nda, kurumsal kimlik \u00e7al\u0131\u015fmalar\u0131 esas al\u0131n\u0131r. Adobe Photoshop gibi piksel tabanl\u0131 resim ve foto\u011fraf d\u00fczenleme programlar\u0131 kullan\u0131larak web sayfalar\u0131n\u0131n g\u00f6rsel tasar\u0131m\u0131 yap\u0131l\u0131r. Web sayfalar\u0131nda kullan\u0131lacak resim, foto\u011fraf, grafik gibi g\u00f6rseller \u00f6zenle haz\u0131rlanarak uygun ve do\u011fru yerlerde konumland\u0131r\u0131l\u0131r.<\/p><h3>Web Sayfas\u0131 Kodlamas\u0131<\/h3><p><img decoding=\"async\" class=\"oa oated\" src=\"https:\/\/d25tea7qfcsjlw.cloudfront.net\/1918\/kicerik\/28357\/33091.jpeg\" alt=\"Web Sayfas\u0131 Kodlamas\u0131\" width=\"700\" height=\"467\" \/><\/p><p>Web sayfalar\u0131n\u0131n kodlamas\u0131 s\u00fcrecinde\u00a0<strong>HTML<\/strong>,\u00a0<strong>CSS<\/strong>,\u00a0<strong>JavaScript<\/strong>,\u00a0<strong>SQL<\/strong>,\u00a0<strong>PHP<\/strong>,\u00a0<strong>Python<\/strong>\u00a0ve\u00a0<strong>ASP<\/strong>\u00a0gibi \u00e7e\u015fitli programlama dilleri kullan\u0131l\u0131r.\u00a0<em>Google Chrome<\/em>,\u00a0<em>Mozilla Firefox<\/em>,\u00a0<em>Opera<\/em>\u00a0veya\u00a0<em>Internet Explorer<\/em>\u00a0gibi internet taray\u0131c\u0131lar\u0131n\u0131n web sitelerini g\u00f6r\u00fcnt\u00fcleyebilmeleri i\u00e7in web sayfalar\u0131n\u0131n bu dillerde kodlanmas\u0131 gerekir. Grafik tasar\u0131m\u0131, web sayfalar\u0131n\u0131n kodlamas\u0131 ve web sayfas\u0131 i\u00e7eriklerinin olu\u015fturulmas\u0131 sonucunda web sitesinin genel yap\u0131s\u0131 ve g\u00f6r\u00fcn\u00fcm\u00fc ortaya \u00e7\u0131kar.<\/p><h3>\u0130\u00e7erik Y\u00f6netim Sistemi (CMS) Entegrasyonu<\/h3><p><em>\u0130\u00e7erik Y\u00f6netim Sistemi (CMS)<\/em>, web sitesi sahibinin web sayfalar\u0131na foto\u011fraf, resim, tablo, grafik, video, metin, vb. i\u00e7erikleri ekleyip \u00e7\u0131karmas\u0131n\u0131 sa\u011flayan yaz\u0131l\u0131mlard\u0131r. CMS yaz\u0131l\u0131mlar\u0131, web sitesi sahibinin web tasar\u0131mc\u0131ya ba\u011fl\u0131 kalmadan\u00a0<strong>site i\u00e7eri\u011fini<\/strong>\u00a0g\u00fcncelleyebilmesini sa\u011flar. Bununla birlikte g\u00fcn\u00fcm\u00fczde,\u00a0<em>CMS yaz\u0131l\u0131mlar\u0131<\/em>\u00a0sadece web sitelerinin g\u00fcncellenmesi i\u00e7in kullan\u0131lmamaktad\u0131r. Bir \u00e7ok web tasar\u0131m hizmeti veren firma veya freelance tasar\u0131mc\u0131lar, web tasar\u0131m \u00e7al\u0131\u015fmalar\u0131nda CMS yaz\u0131l\u0131mlar\u0131ndan faydalanarak hizmetlerini sunabilmektedir. CMS yaz\u0131l\u0131mlar\u0131, CMS yaz\u0131l\u0131mlar\u0131n\u0131n \u00f6zellikleri, kullan\u0131m alanlar\u0131 ve faydalar\u0131 olduk\u00e7a kapsaml\u0131 bir konu olmakla beraber ayr\u0131 bir ba\u015fl\u0131k alt\u0131nda incelenebilir.<\/p><h3>Web Sitesinin Test S\u00fcreci<\/h3><p>Web tasar\u0131m\u00a0\u00e7al\u0131\u015fmalar\u0131n\u0131n do\u011fru \u015fekilde yap\u0131l\u0131p yap\u0131lmad\u0131\u011f\u0131n\u0131 g\u00f6steren bu s\u00fcre\u00e7te, eksik veya fazla yap\u0131lan \u00e7al\u0131\u015fmalar belirlenir. Web sitesinde bulunmas\u0131 gereken ancak g\u00f6zden ka\u00e7an detaylar olabilir. Bu bazen teknik bir konu bazen de g\u00f6rsel veya metin odakl\u0131 i\u00e7erikle ilgilidir. Test a\u015famalar\u0131nda web sayfalar\u0131n\u0131n g\u00f6rsel durumu, mobil cihazlardaki g\u00f6r\u00fcn\u00fcm\u00fc, sayfa a\u00e7\u0131l\u0131\u015f h\u0131zlar\u0131, vb. konular \u00fczerinde gerekli kontroller ger\u00e7ekle\u015ftirilerek, web sitesinin \u00e7al\u0131\u015fma performans\u0131 optimal seviyeye getirilir.<\/p><h3>Web Sitesinin Yay\u0131nlanmas\u0131<\/h3><p><img loading=\"lazy\" decoding=\"async\" class=\"oa oated\" src=\"https:\/\/d25tea7qfcsjlw.cloudfront.net\/1918\/kicerik\/28357\/33093.png\" alt=\"Web Sitesinin Yay\u0131nlanmas\u0131\" width=\"700\" height=\"438\" \/><\/p><p>Elbette web tasar\u0131m a\u015famalar\u0131 i\u00e7erisinde ifade edilebilecek farkl\u0131 konular da vard\u0131r. Ancak en basit anlat\u0131mla bir web tasar\u0131m projesi bu s\u00fcre\u00e7lerden ge\u00e7er. Kapsaml\u0131 ve detayl\u0131 \u00e7al\u0131\u015fmalar sonucunda web sitesi yay\u0131na haz\u0131rd\u0131r. Web sitesinin yay\u0131nlanabilmesi i\u00e7in\u00a0<strong>domain<\/strong>\u00a0olarak adland\u0131r\u0131lan alan ad\u0131na ve web sitesi sayfalar\u0131n\u0131n bar\u0131nd\u0131r\u0131laca\u011f\u0131 bir\u00a0<strong>hosting<\/strong>\u00a0hizmetine ihtiya\u00e7 vard\u0131r. Hosting \u015firketlerinin\u00a0domain sorgulama\u00a0ekran\u0131ndan, arzu etti\u011finiz alan ad\u0131n\u0131n kullan\u0131labilir olup olmad\u0131\u011f\u0131n\u0131 sorgulayarak alan ad\u0131n\u0131z\u0131 sat\u0131n alabilirsiniz. Alan ad\u0131 ve hosting hizmeti al\u0131nd\u0131ktan sonra web sitesi yay\u0131nlan\u0131r. Web sitesi yay\u0131na al\u0131nd\u0131ktan sonra arama motorlar\u0131na her bir web sayfas\u0131n\u0131n tan\u0131mland\u0131\u011f\u0131 site haritas\u0131n\u0131 g\u00f6ndermek gerekir. Google Arama Motoru g\u00fcn\u00fcm\u00fczde en \u00e7ok kullan\u0131lan arama motorudur. Web sitesi yay\u0131na al\u0131nd\u0131ktan sonra web sitesine ait site haritas\u0131 Google\u2019a g\u00f6nderilir. Web sitesi indekslenerek Google arama sonu\u00e7lar\u0131nda ziyaret\u00e7iler taraf\u0131ndan g\u00f6r\u00fcnt\u00fclenir.<\/p><h2>Web Tasar\u0131m\u0131 Neden Yap\u0131l\u0131r?<\/h2><p><img loading=\"lazy\" decoding=\"async\" class=\"oa oated\" src=\"https:\/\/d25tea7qfcsjlw.cloudfront.net\/1918\/kicerik\/28357\/33095.jpeg\" alt=\"Web Tasar\u0131m\u0131n Faydas\u0131\" width=\"700\" height=\"459\" \/><\/p><p>Web tasar\u0131m\u0131n\u0131n temel amac\u0131, web sitesi ziyaret\u00e7ilerine ve web sitesinin sahibine\u00a0<strong>kar\u015f\u0131l\u0131kl\u0131 fayda<\/strong>\u00a0sa\u011flayacak bir platformun olu\u015fturulmas\u0131d\u0131r. Kar\u015f\u0131l\u0131kl\u0131 fayda sa\u011flayan bir proje amac\u0131na ula\u015fm\u0131\u015ft\u0131r. \u00dcr\u00fcn\u00fcn\u00fc tan\u0131tmak isteyen bir\u00a0firma\u00a0ile \u00fcr\u00fcn\u00fc tan\u0131yan, be\u011fenen ve sat\u0131n almak isteyen bir ziyaret\u00e7i buna g\u00fczel bir \u00f6rnektir.<\/p><p><em>Web tasar\u0131m\u0131 \u00e7ok \u00e7e\u015fitli ama\u00e7lar do\u011frultusunda projelendirilir.<\/em><\/p><ul><li>Kurumsal tan\u0131t\u0131m ama\u00e7l\u0131 web siteleri<\/li><li>Ticari \u00fcr\u00fcn sat\u0131\u015f ve tan\u0131t\u0131m web siteleri<\/li><li>Ki\u015fisel blog web siteleri<\/li><li>Haber web siteleri<\/li><li>Sosyal medya web siteleri<\/li><li>Online sat\u0131\u015f veya E-ticaret web siteleri<\/li><\/ul><p>\u201cWeb tasar\u0131m projeleri ister\u00a0<strong>ticari ama\u00e7l\u0131<\/strong>\u00a0isterse de\u00a0<strong>tan\u0131t\u0131m odakl\u0131<\/strong>\u00a0olsun; en nihayetinde\u00a0<strong>kurumsal kimli\u011finize<\/strong>\u00a0de\u011fer katar.\u201d<\/p><p>Teknolojinin h\u0131zla geli\u015fti\u011fi, ticaret dinamiklerinin tamamen de\u011fi\u015fti\u011fi, tan\u0131t\u0131m faaliyetlerinin ve aktivitelerinin \u00e7e\u015fitlilik kazand\u0131\u011f\u0131 bu d\u00f6nemde web tasar\u0131m \u00e7al\u0131\u015fmalar\u0131 da b\u00fcy\u00fck bir ivme yakalam\u0131\u015ft\u0131r. Web tasar\u0131m \u00e7al\u0131\u015fmalar\u0131n\u0131n planlama ve geli\u015ftirme s\u00fcre\u00e7leri yeni bir boyut kazanm\u0131\u015ft\u0131r. G\u00fcn\u00fcm\u00fczde, firmalar\u0131n potansiyellerini artt\u0131rmak, b\u00fcy\u00fcmek ve daha \u00e7ok kazan\u00e7 elde etmek i\u00e7in teknolojiye duyduklar\u0131 ihtiya\u00e7 her ge\u00e7en g\u00fcn daha da artmaktad\u0131r. \u00c7o\u011fu zaman\u00a0web tasar\u0131m fiyatlar\u0131ndan\u00a0daha ziyade ortaya \u00e7\u0131kacak projenin kalitesi g\u00f6z \u00f6n\u00fcnde bulundurulur. Kimileri y\u00fcksek teknolojiye ayak uydurarak ilerlerken kimileri bu trene hen\u00fcz binmemi\u015flerdir.\u00a0<strong>Google<\/strong>,\u00a0<strong>Facebook<\/strong>,\u00a0<strong>Instagram<\/strong>,\u00a0<strong>Twitter<\/strong>,\u00a0<strong>Youtube<\/strong> gibi web d\u00fcnyas\u0131n\u0131n liderleri, sayamayaca\u011f\u0131m\u0131z kadar \u00f6zellikler i\u00e7eren hizmetleriyle web tasar\u0131m ve web yaz\u0131l\u0131m sekt\u00f6rlerine de b\u00fcy\u00fck katk\u0131 sa\u011flam\u0131\u015ft\u0131r.<\/p><\/div>\t\t\t\t\t\t\t\t<\/div>\n\t\t\t\t\t<\/div>\n\t\t\t\t<\/div>\n\t\t\t\t<\/div>\n\t\t","protected":false},"excerpt":{"rendered":"<p>Web Tasar\u0131m Nedir? \u201cWeb tasar\u0131m\u0131\u00a0nedir?&#8221; veya &#8220;web tasar\u0131m\u00a0nedir?\u201d sorusuna tek bir k\u0131sa cevap verecek olursak; Web tasar\u0131m\u0131; g\u00f6rseller ve metinlerden olu\u015fan web sayfas\u0131 i\u00e7eriklerinin web sitesi ziyaret\u00e7ilerine bir d\u00fczen i\u00e7erisinde sunulmas\u0131d\u0131r. Web sitesi tasar\u0131m\u0131, web tasar\u0131m projesi veya web sitesi yap\u0131m\u0131 gibi tan\u0131mlar da, web tasar\u0131m\u0131 ile e\u015f anlamda kullan\u0131l\u0131r. Web tasar\u0131m\u0131 yapabilmek i\u00e7in \u00f6ncelikle&hellip;<\/p>\n","protected":false},"author":1,"featured_media":0,"parent":0,"menu_order":0,"comment_status":"closed","ping_status":"closed","template":"","meta":{"footnotes":""},"class_list":["post-1629","page","type-page","status-publish","hentry"],"_links":{"self":[{"href":"http:\/\/altinolukbilgisayar.com\/index.php\/wp-json\/wp\/v2\/pages\/1629","targetHints":{"allow":["GET"]}}],"collection":[{"href":"http:\/\/altinolukbilgisayar.com\/index.php\/wp-json\/wp\/v2\/pages"}],"about":[{"href":"http:\/\/altinolukbilgisayar.com\/index.php\/wp-json\/wp\/v2\/types\/page"}],"author":[{"embeddable":true,"href":"http:\/\/altinolukbilgisayar.com\/index.php\/wp-json\/wp\/v2\/users\/1"}],"replies":[{"embeddable":true,"href":"http:\/\/altinolukbilgisayar.com\/index.php\/wp-json\/wp\/v2\/comments?post=1629"}],"version-history":[{"count":8,"href":"http:\/\/altinolukbilgisayar.com\/index.php\/wp-json\/wp\/v2\/pages\/1629\/revisions"}],"predecessor-version":[{"id":1923,"href":"http:\/\/altinolukbilgisayar.com\/index.php\/wp-json\/wp\/v2\/pages\/1629\/revisions\/1923"}],"wp:attachment":[{"href":"http:\/\/altinolukbilgisayar.com\/index.php\/wp-json\/wp\/v2\/media?parent=1629"}],"curies":[{"name":"wp","href":"https:\/\/api.w.org\/{rel}","templated":true}]}}