{"id":1795,"date":"2025-10-17T14:55:56","date_gmt":"2025-10-17T14:55:56","guid":{"rendered":"http:\/\/altinolukbilgisayar.online\/?post_type=product&#038;p=1795"},"modified":"2025-10-17T14:55:56","modified_gmt":"2025-10-17T14:55:56","slug":"megatech-2-1a-dual-arac-sarj-adaptoru-kablosuz","status":"publish","type":"product","link":"http:\/\/altinolukbilgisayar.com\/index.php\/urun\/megatech-2-1a-dual-arac-sarj-adaptoru-kablosuz\/","title":{"rendered":"Megatech 2.1A Dual Ara\u00e7 \u015earj Adapt\u00f6r\u00fc (Kablosuz)"},"content":{"rendered":"","protected":false},"excerpt":{"rendered":"","protected":false},"featured_media":1796,"comment_status":"open","ping_status":"closed","template":"","meta":[],"product_brand":[133],"product_cat":[87,35],"product_tag":[132],"class_list":{"0":"post-1795","1":"product","2":"type-product","3":"status-publish","4":"has-post-thumbnail","6":"product_brand-megatech","7":"product_cat-adaptor","8":"product_cat-tablet-ve-telefonlar","9":"product_tag-aras-sarj","11":"first","12":"instock","13":"shipping-taxable","14":"purchasable","15":"product-type-simple","16":"add-to-wishlist-before_add_to_cart"},"_links":{"self":[{"href":"http:\/\/altinolukbilgisayar.com\/index.php\/wp-json\/wp\/v2\/product\/1795","targetHints":{"allow":["GET"]}}],"collection":[{"href":"http:\/\/altinolukbilgisayar.com\/index.php\/wp-json\/wp\/v2\/product"}],"about":[{"href":"http:\/\/altinolukbilgisayar.com\/index.php\/wp-json\/wp\/v2\/types\/product"}],"replies":[{"embeddable":true,"href":"http:\/\/altinolukbilgisayar.com\/index.php\/wp-json\/wp\/v2\/comments?post=1795"}],"wp:featuredmedia":[{"embeddable":true,"href":"http:\/\/altinolukbilgisayar.com\/index.php\/wp-json\/wp\/v2\/media\/1796"}],"wp:attachment":[{"href":"http:\/\/altinolukbilgisayar.com\/index.php\/wp-json\/wp\/v2\/media?parent=1795"}],"wp:term":[{"taxonomy":"product_brand","embeddable":true,"href":"http:\/\/altinolukbilgisayar.com\/index.php\/wp-json\/wp\/v2\/product_brand?post=1795"},{"taxonomy":"product_cat","embeddable":true,"href":"http:\/\/altinolukbilgisayar.com\/index.php\/wp-json\/wp\/v2\/product_cat?post=1795"},{"taxonomy":"product_tag","embeddable":true,"href":"http:\/\/altinolukbilgisayar.com\/index.php\/wp-json\/wp\/v2\/product_tag?post=1795"}],"curies":[{"name":"wp","href":"https:\/\/api.w.org\/{rel}","templated":true}]}}