{"id":1902,"date":"2025-10-17T18:23:07","date_gmt":"2025-10-17T18:23:07","guid":{"rendered":"http:\/\/altinolukbilgisayar.online\/?post_type=product&#038;p=1902"},"modified":"2025-10-18T06:42:38","modified_gmt":"2025-10-18T06:42:38","slug":"51-ch-harici-usb-ses-karti-3-5mm-kulaklik-mikrofon-cevirici-donusturucu","status":"publish","type":"product","link":"http:\/\/altinolukbilgisayar.com\/index.php\/urun\/51-ch-harici-usb-ses-karti-3-5mm-kulaklik-mikrofon-cevirici-donusturucu\/","title":{"rendered":"5+1 Ch Harici Usb Ses Kart\u0131 3.5mm Kulakl\u0131k Mikrofon \u00c7evirici D\u00f6n\u00fc\u015ft\u00fcr\u00fcc\u00fc"},"content":{"rendered":"","protected":false},"excerpt":{"rendered":"","protected":false},"featured_media":1903,"comment_status":"open","ping_status":"closed","template":"","meta":[],"product_brand":[],"product_cat":[24,85,55,59],"product_tag":[169],"class_list":{"0":"post-1902","1":"product","2":"type-product","3":"status-publish","4":"has-post-thumbnail","6":"product_cat-bilgisayar-ve-bilesenleri","7":"product_cat-donusturuculer","8":"product_cat-kablo-ve-donusturuculer","9":"product_cat-ses-karti","10":"product_tag-usb-ses-karti","12":"first","13":"instock","14":"shipping-taxable","15":"purchasable","16":"product-type-simple","17":"add-to-wishlist-before_add_to_cart"},"_links":{"self":[{"href":"http:\/\/altinolukbilgisayar.com\/index.php\/wp-json\/wp\/v2\/product\/1902","targetHints":{"allow":["GET"]}}],"collection":[{"href":"http:\/\/altinolukbilgisayar.com\/index.php\/wp-json\/wp\/v2\/product"}],"about":[{"href":"http:\/\/altinolukbilgisayar.com\/index.php\/wp-json\/wp\/v2\/types\/product"}],"replies":[{"embeddable":true,"href":"http:\/\/altinolukbilgisayar.com\/index.php\/wp-json\/wp\/v2\/comments?post=1902"}],"wp:featuredmedia":[{"embeddable":true,"href":"http:\/\/altinolukbilgisayar.com\/index.php\/wp-json\/wp\/v2\/media\/1903"}],"wp:attachment":[{"href":"http:\/\/altinolukbilgisayar.com\/index.php\/wp-json\/wp\/v2\/media?parent=1902"}],"wp:term":[{"taxonomy":"product_brand","embeddable":true,"href":"http:\/\/altinolukbilgisayar.com\/index.php\/wp-json\/wp\/v2\/product_brand?post=1902"},{"taxonomy":"product_cat","embeddable":true,"href":"http:\/\/altinolukbilgisayar.com\/index.php\/wp-json\/wp\/v2\/product_cat?post=1902"},{"taxonomy":"product_tag","embeddable":true,"href":"http:\/\/altinolukbilgisayar.com\/index.php\/wp-json\/wp\/v2\/product_tag?post=1902"}],"curies":[{"name":"wp","href":"https:\/\/api.w.org\/{rel}","templated":true}]}}